{"id":468,"date":"2019-12-17T11:36:07","date_gmt":"2019-12-17T10:36:07","guid":{"rendered":"https:\/\/www.alsason.fr\/dimension_dj\/?page_id=468"},"modified":"2020-04-12T23:09:36","modified_gmt":"2020-04-12T21:09:36","slug":"mentions-legales","status":"publish","type":"page","link":"https:\/\/www.alsason.fr\/index.php\/mentions-legales\/","title":{"rendered":"Mentions L\u00e9gales"},"content":{"rendered":"<div class=\"wpb-content-wrapper\"><p>[vc_row css=\u00a0\u00bb.vc_custom_1576579101897{margin-top: 80px !important;}\u00a0\u00bb][vc_column][vc_column_text]<span style=\"font-size: 14pt;\"><strong>Mentions L\u00e9gales<\/strong><\/span><\/p>\n<p>Si\u00e8ge social :<br \/>\nAlsason<br \/>\n11b rue Forlen, Z.I Forlen<br \/>\n67118 GEISPOLSHEIM France<\/p>\n<p><strong><br \/>\nImmatriculation :<\/strong><br \/>\nImmatriculation au Registre du commerce et des soci\u00e9t\u00e9s de Strasbourg sous le num\u00e9ro : TI 503 741 076<br \/>\nSiret : 503 741 076 00056<br \/>\nCode APE : 9329Z<br \/>\nSARL au capital de 10 000 \u20ac<\/p>\n<p>Responsable de publication : M. Adrien MENAITREAU<\/p>\n<p>&nbsp;<\/p>\n<p><strong>Cr\u00e9ation du site Internet :<\/strong><br \/>\n<strong>Si\u00e8ge social :<\/strong><br \/>\nBee &amp; Bee (nom commercial bee concept)<br \/>\n4 rue Robert Guidat<br \/>\n67600 SELESTAT<\/p>\n<p><strong>Contact :<\/strong><br \/>\nT\u00e9l. : 03 88 57 01 13<br \/>\nFax : 09 72 13 52 79<br \/>\ne-mail : contact [at] beeconcept.fr<\/p>\n<p><strong>Immatriculation<\/strong> :<br \/>\nImmatriculation au Registre du commerce et des soci\u00e9t\u00e9s de Colmar sous le num\u00e9ro : TI 788 745 875<br \/>\nSiret : 788 745 875 00013<br \/>\nCode APE : 7021Z<br \/>\nTVA intracommunautaire : FR43788745875<br \/>\nS\u00e0rl au capital de 3 000 \u20ac<\/p>\n<p><strong>H\u00e9bergeur :<\/strong><br \/>\nPhpnet.org[\/vc_column_text][\/vc_column][\/vc_row]<\/p>\n<\/div>","protected":false},"excerpt":{"rendered":"<p>[vc_row css=\u00a0\u00bb.vc_custom_1576579101897{margin-top: 80px !important;}\u00a0\u00bb][vc_column][vc_column_text]Mentions L\u00e9gales Si\u00e8ge social : Alsason 11b rue Forlen, Z.I Forlen 67118 GEISPOLSHEIM France Immatriculation : Immatriculation au Registre du commerce et des<span class=\"excerpt-hellip\"> [\u2026]<\/span><\/p>\n","protected":false},"author":1,"featured_media":0,"parent":0,"menu_order":0,"comment_status":"closed","ping_status":"closed","template":"","meta":{"_acf_changed":false,"footnotes":""},"class_list":["post-468","page","type-page","status-publish","hentry"],"acf":[],"yoast_head":"<!-- This site is optimized with the Yoast SEO plugin v26.2 - https:\/\/yoast.com\/wordpress\/plugins\/seo\/ -->\n<title>Mentions L\u00e9gales - Alsason<\/title>\n<meta name=\"robots\" content=\"index, follow, max-snippet:-1, max-image-preview:large, max-video-preview:-1\" \/>\n<link rel=\"canonical\" href=\"https:\/\/www.alsason.fr\/index.php\/mentions-legales\/\" \/>\n<meta property=\"og:locale\" content=\"fr_FR\" \/>\n<meta property=\"og:type\" content=\"article\" \/>\n<meta property=\"og:title\" content=\"Mentions L\u00e9gales - Alsason\" \/>\n<meta property=\"og:description\" content=\"[vc_row css=&quot;.vc_custom_1576579101897{margin-top: 80px !important;}&quot;][vc_column][vc_column_text]Mentions L\u00e9gales Si\u00e8ge social : Alsason 11b rue Forlen, Z.I Forlen 67118 GEISPOLSHEIM France Immatriculation : Immatriculation au Registre du commerce et des [\u2026]\" \/>\n<meta property=\"og:url\" content=\"https:\/\/www.alsason.fr\/index.php\/mentions-legales\/\" \/>\n<meta property=\"og:site_name\" content=\"Alsason\" \/>\n<meta property=\"article:publisher\" content=\"https:\/\/www.facebook.com\/alsasonfrance\" \/>\n<meta property=\"article:modified_time\" content=\"2020-04-12T21:09:36+00:00\" \/>\n<meta name=\"twitter:card\" content=\"summary_large_image\" \/>\n<meta name=\"twitter:label1\" content=\"Dur\u00e9e de lecture estim\u00e9e\" \/>\n\t<meta name=\"twitter:data1\" content=\"1 minute\" \/>\n<script type=\"application\/ld+json\" class=\"yoast-schema-graph\">{\"@context\":\"https:\/\/schema.org\",\"@graph\":[{\"@type\":\"WebPage\",\"@id\":\"https:\/\/www.alsason.fr\/index.php\/mentions-legales\/\",\"url\":\"https:\/\/www.alsason.fr\/index.php\/mentions-legales\/\",\"name\":\"Mentions L\u00e9gales - Alsason\",\"isPartOf\":{\"@id\":\"https:\/\/www.alsason.fr\/#website\"},\"datePublished\":\"2019-12-17T10:36:07+00:00\",\"dateModified\":\"2020-04-12T21:09:36+00:00\",\"breadcrumb\":{\"@id\":\"https:\/\/www.alsason.fr\/index.php\/mentions-legales\/#breadcrumb\"},\"inLanguage\":\"fr-FR\",\"potentialAction\":[{\"@type\":\"ReadAction\",\"target\":[\"https:\/\/www.alsason.fr\/index.php\/mentions-legales\/\"]}]},{\"@type\":\"BreadcrumbList\",\"@id\":\"https:\/\/www.alsason.fr\/index.php\/mentions-legales\/#breadcrumb\",\"itemListElement\":[{\"@type\":\"ListItem\",\"position\":1,\"name\":\"Accueil\",\"item\":\"https:\/\/www.alsason.fr\/\"},{\"@type\":\"ListItem\",\"position\":2,\"name\":\"Mentions L\u00e9gales\"}]},{\"@type\":\"WebSite\",\"@id\":\"https:\/\/www.alsason.fr\/#website\",\"url\":\"https:\/\/www.alsason.fr\/\",\"name\":\"Alsason\",\"description\":\"Alsason\",\"publisher\":{\"@id\":\"https:\/\/www.alsason.fr\/#organization\"},\"potentialAction\":[{\"@type\":\"SearchAction\",\"target\":{\"@type\":\"EntryPoint\",\"urlTemplate\":\"https:\/\/www.alsason.fr\/?s={search_term_string}\"},\"query-input\":{\"@type\":\"PropertyValueSpecification\",\"valueRequired\":true,\"valueName\":\"search_term_string\"}}],\"inLanguage\":\"fr-FR\"},{\"@type\":\"Organization\",\"@id\":\"https:\/\/www.alsason.fr\/#organization\",\"name\":\"Alsason\",\"url\":\"https:\/\/www.alsason.fr\/\",\"logo\":{\"@type\":\"ImageObject\",\"inLanguage\":\"fr-FR\",\"@id\":\"https:\/\/www.alsason.fr\/#\/schema\/logo\/image\/\",\"url\":\"https:\/\/www.alsason.fr\/wp-content\/uploads\/logo-alsason-rouge-black-600x150.png\",\"contentUrl\":\"https:\/\/www.alsason.fr\/wp-content\/uploads\/logo-alsason-rouge-black-600x150.png\",\"width\":600,\"height\":150,\"caption\":\"Alsason\"},\"image\":{\"@id\":\"https:\/\/www.alsason.fr\/#\/schema\/logo\/image\/\"},\"sameAs\":[\"https:\/\/www.facebook.com\/alsasonfrance\"]}]}<\/script>\n<!-- \/ Yoast SEO plugin. -->","yoast_head_json":{"title":"Mentions L\u00e9gales - Alsason","robots":{"index":"index","follow":"follow","max-snippet":"max-snippet:-1","max-image-preview":"max-image-preview:large","max-video-preview":"max-video-preview:-1"},"canonical":"https:\/\/www.alsason.fr\/index.php\/mentions-legales\/","og_locale":"fr_FR","og_type":"article","og_title":"Mentions L\u00e9gales - Alsason","og_description":"[vc_row css=\".vc_custom_1576579101897{margin-top: 80px !important;}\"][vc_column][vc_column_text]Mentions L\u00e9gales Si\u00e8ge social : Alsason 11b rue Forlen, Z.I Forlen 67118 GEISPOLSHEIM France Immatriculation : Immatriculation au Registre du commerce et des [\u2026]","og_url":"https:\/\/www.alsason.fr\/index.php\/mentions-legales\/","og_site_name":"Alsason","article_publisher":"https:\/\/www.facebook.com\/alsasonfrance","article_modified_time":"2020-04-12T21:09:36+00:00","twitter_card":"summary_large_image","twitter_misc":{"Dur\u00e9e de lecture estim\u00e9e":"1 minute"},"schema":{"@context":"https:\/\/schema.org","@graph":[{"@type":"WebPage","@id":"https:\/\/www.alsason.fr\/index.php\/mentions-legales\/","url":"https:\/\/www.alsason.fr\/index.php\/mentions-legales\/","name":"Mentions L\u00e9gales - Alsason","isPartOf":{"@id":"https:\/\/www.alsason.fr\/#website"},"datePublished":"2019-12-17T10:36:07+00:00","dateModified":"2020-04-12T21:09:36+00:00","breadcrumb":{"@id":"https:\/\/www.alsason.fr\/index.php\/mentions-legales\/#breadcrumb"},"inLanguage":"fr-FR","potentialAction":[{"@type":"ReadAction","target":["https:\/\/www.alsason.fr\/index.php\/mentions-legales\/"]}]},{"@type":"BreadcrumbList","@id":"https:\/\/www.alsason.fr\/index.php\/mentions-legales\/#breadcrumb","itemListElement":[{"@type":"ListItem","position":1,"name":"Accueil","item":"https:\/\/www.alsason.fr\/"},{"@type":"ListItem","position":2,"name":"Mentions L\u00e9gales"}]},{"@type":"WebSite","@id":"https:\/\/www.alsason.fr\/#website","url":"https:\/\/www.alsason.fr\/","name":"Alsason","description":"Alsason","publisher":{"@id":"https:\/\/www.alsason.fr\/#organization"},"potentialAction":[{"@type":"SearchAction","target":{"@type":"EntryPoint","urlTemplate":"https:\/\/www.alsason.fr\/?s={search_term_string}"},"query-input":{"@type":"PropertyValueSpecification","valueRequired":true,"valueName":"search_term_string"}}],"inLanguage":"fr-FR"},{"@type":"Organization","@id":"https:\/\/www.alsason.fr\/#organization","name":"Alsason","url":"https:\/\/www.alsason.fr\/","logo":{"@type":"ImageObject","inLanguage":"fr-FR","@id":"https:\/\/www.alsason.fr\/#\/schema\/logo\/image\/","url":"https:\/\/www.alsason.fr\/wp-content\/uploads\/logo-alsason-rouge-black-600x150.png","contentUrl":"https:\/\/www.alsason.fr\/wp-content\/uploads\/logo-alsason-rouge-black-600x150.png","width":600,"height":150,"caption":"Alsason"},"image":{"@id":"https:\/\/www.alsason.fr\/#\/schema\/logo\/image\/"},"sameAs":["https:\/\/www.facebook.com\/alsasonfrance"]}]}},"_links":{"self":[{"href":"https:\/\/www.alsason.fr\/index.php\/wp-json\/wp\/v2\/pages\/468","targetHints":{"allow":["GET"]}}],"collection":[{"href":"https:\/\/www.alsason.fr\/index.php\/wp-json\/wp\/v2\/pages"}],"about":[{"href":"https:\/\/www.alsason.fr\/index.php\/wp-json\/wp\/v2\/types\/page"}],"author":[{"embeddable":true,"href":"https:\/\/www.alsason.fr\/index.php\/wp-json\/wp\/v2\/users\/1"}],"replies":[{"embeddable":true,"href":"https:\/\/www.alsason.fr\/index.php\/wp-json\/wp\/v2\/comments?post=468"}],"version-history":[{"count":1,"href":"https:\/\/www.alsason.fr\/index.php\/wp-json\/wp\/v2\/pages\/468\/revisions"}],"predecessor-version":[{"id":569,"href":"https:\/\/www.alsason.fr\/index.php\/wp-json\/wp\/v2\/pages\/468\/revisions\/569"}],"wp:attachment":[{"href":"https:\/\/www.alsason.fr\/index.php\/wp-json\/wp\/v2\/media?parent=468"}],"curies":[{"name":"wp","href":"https:\/\/api.w.org\/{rel}","templated":true}]}}